{"id":2056,"date":"2025-07-16T14:19:02","date_gmt":"2025-07-16T12:19:02","guid":{"rendered":"http:\/\/imme-law.pl\/blog\/?page_id=2056"},"modified":"2025-08-15T14:43:16","modified_gmt":"2025-08-15T12:43:16","slug":"grzegorz-klodkowski","status":"publish","type":"page","link":"https:\/\/imme-law.pl\/en\/grzegorz-klodkowski\/","title":{"rendered":"Grzegorz K\u0142odkowski"},"content":{"rendered":"<p>[et_pb_section fb_built=&#8221;1&#8243; _builder_version=&#8221;4.24.3&#8243; _module_preset=&#8221;default&#8221; use_background_color_gradient=&#8221;on&#8221; background_color_gradient_direction=&#8221;90deg&#8221; background_color_gradient_stops=&#8221;#ffffff 75%|#e8e8e8 75%|#e8e8e8 95%|#ffffff 95%&#8221; custom_padding=&#8221;||3px|||&#8221; global_colors_info=&#8221;{}&#8221;][et_pb_row column_structure=&#8221;2_3,1_3&#8243; use_custom_gutter=&#8221;on&#8221; gutter_width=&#8221;4&#8243; _builder_version=&#8221;4.27.4&#8243; _module_preset=&#8221;9e51b28b-b384-482d-953e-bcd77c6d56e1&#8243; width_tablet=&#8221;&#8221; width_phone=&#8221;&#8221; width_last_edited=&#8221;on|tablet&#8221; custom_padding=&#8221;||48px||false|false&#8221; custom_css_main_element=&#8221;display:flex;&#8221; global_colors_info=&#8221;{}&#8221;][et_pb_column type=&#8221;2_3&#8243; _builder_version=&#8221;4.27.4&#8243; _module_preset=&#8221;ad767189-8688-41bb-8a02-9fea8de20ec7&#8243; custom_padding=&#8221;|60px|||false|false&#8221; custom_padding_tablet=&#8221;|60px|||false|false&#8221; custom_padding_phone=&#8221;|30px|||false|false&#8221; custom_padding_last_edited=&#8221;on|phone&#8221; global_colors_info=&#8221;{}&#8221; custom_css_main_element_last_edited=&#8221;on|tablet&#8221; custom_css_main_element_tablet=&#8221;width: 66%;&#8221; custom_css_main_element_phone=&#8221;width: 80%;&#8221;][et_pb_text _builder_version=&#8221;4.27.4&#8243; _module_preset=&#8221;ba8358e6-bfc1-44b4-bbbe-2f84504052b1&#8243; global_colors_info=&#8221;{%22gcid-primary-color%22:%91%22link_text_color%22%93,%22gcid-e1101eb0-c996-4d09-84fd-14856d925a2a%22:%91%22link_text_color%22%93,%22gcid-2e50fbfc-b03e-417a-b227-7b75e322d38e%22:%91%22text_text_color%22%93}&#8221;]<\/p>\n<h1>Grzegorz K\u0142odkowski<\/h1>\n<p>[\/et_pb_text][et_pb_text _builder_version=&#8221;4.27.4&#8243; _module_preset=&#8221;ba8358e6-bfc1-44b4-bbbe-2f84504052b1&#8243; header_text_color=&#8221;#000000&#8243; header_3_font=&#8221;|600|||||||&#8221; custom_margin=&#8221;||49px|||&#8221; locked=&#8221;off&#8221; global_colors_info=&#8221;{%22gcid-primary-color%22:%91%22link_text_color%22,%22link_text_color%22,%22link_text_color%22,%22link_text_color%22,%22link_text_color%22%93,%22gcid-2e50fbfc-b03e-417a-b227-7b75e322d38e%22:%91%22header_2_text_color%22%93}&#8221;]<\/p>\n<h2>Attorney at Law (PL)<\/h2>\n<p>[\/et_pb_text][et_pb_text _builder_version=&#8221;4.27.4&#8243; _module_preset=&#8221;ba8358e6-bfc1-44b4-bbbe-2f84504052b1&#8243; custom_margin=&#8221;50px||7px|||&#8221; hover_enabled=&#8221;0&#8243; global_colors_info=&#8221;{%22gcid-2e50fbfc-b03e-417a-b227-7b75e322d38e%22:%91%22text_text_color%22%93}&#8221; sticky_enabled=&#8221;0&#8243;]<\/p>\n<h3>Biography<\/h3>\n<p>Born in Paczk\u00f3w \/ Poland<\/p>\n<p>Graduated as Master of Laws from Wroc\u0142aw University<\/p>\n<p>Finalization of professional education as Attorney at Law with a three year legal clerkship at a nationwide law office<\/p>\n<p>Bar Admission to the Polish Courts<\/p>\n<p>Admitted as Attorney at Law to the District Chamber Legal Adviser in Wroc\u0142aw and Member of the Bar Association in Federal State of Brandenburg (Germany)<\/p>\n<p>&nbsp;<\/p>\n<h3>Languages<\/h3>\n<p>English, Polish<\/p>\n<p>&nbsp;<\/p>\n<p><a href=\"mailto:gk@imme.law\">gk@imme.law<\/a><\/p>\n<p>[\/et_pb_text][\/et_pb_column][et_pb_column type=&#8221;1_3&#8243; _builder_version=&#8221;4.27.4&#8243; _module_preset=&#8221;ad767189-8688-41bb-8a02-9fea8de20ec7&#8243; custom_padding=&#8221;||60px||false|false&#8221; custom_css_main_element=&#8221;width: 33%;&#8221; global_colors_info=&#8221;{}&#8221; custom_css_main_element_last_edited=&#8221;on|phone&#8221; custom_css_main_element_phone=&#8221;width: 20%;&#8221; custom_css_main_element_tablet=&#8221;width: 33%;&#8221;][et_pb_image src=&#8221;https:\/\/imme-law.pl\/blog\/wp-content\/uploads\/2025\/07\/Grzegorz-Klodowski01.jpg&#8221; title_text=&#8221;Grzegorz-Klodowski01&#8243; _builder_version=&#8221;4.27.4&#8243; _module_preset=&#8221;default&#8221; custom_margin=&#8221;74px|||||&#8221; locked=&#8221;off&#8221; global_colors_info=&#8221;{}&#8221;][\/et_pb_image][\/et_pb_column][\/et_pb_row][\/et_pb_section]<\/p>\n","protected":false},"excerpt":{"rendered":"<p>Grzegorz K\u0142odkowskiAttorney at Law (PL)Biography Born in Paczk\u00f3w \/ Poland Graduated as Master of Laws from Wroc\u0142aw University Finalization of professional education as Attorney at Law with a three year legal clerkship at a nationwide law office Bar Admission to the Polish Courts Admitted as Attorney at Law to the District Chamber Legal Adviser in [&hellip;]<\/p>\n","protected":false},"author":1,"featured_media":0,"parent":0,"menu_order":0,"comment_status":"closed","ping_status":"closed","template":"","meta":{"_et_pb_use_builder":"on","_et_pb_old_content":"","_et_gb_content_width":"","footnotes":""},"class_list":["post-2056","page","type-page","status-publish","hentry"],"yoast_head":"<!-- This site is optimized with the Yoast SEO plugin v26.8 - https:\/\/yoast.com\/product\/yoast-seo-wordpress\/ -->\n<title>Grzegorz K\u0142odkowski - Imme Law Poland<\/title>\n<meta name=\"description\" content=\"IMME oferuje porady prawne dla polskich przedsi\u0119biorc\u00f3w: zak\u0142adanie GmbH, prawo pracy, podatki, umowy handlowe, windykacja i doradztwo korporacyjne\" \/>\n<meta name=\"robots\" content=\"index, follow, max-snippet:-1, max-image-preview:large, max-video-preview:-1\" \/>\n<link rel=\"canonical\" href=\"https:\/\/imme-law.pl\/en\/grzegorz-klodkowski\/\" \/>\n<meta property=\"og:locale\" content=\"en_US\" \/>\n<meta property=\"og:type\" content=\"article\" \/>\n<meta property=\"og:title\" content=\"Grzegorz K\u0142odkowski - Imme Law Poland\" \/>\n<meta property=\"og:description\" content=\"IMME oferuje porady prawne dla polskich przedsi\u0119biorc\u00f3w: zak\u0142adanie GmbH, prawo pracy, podatki, umowy handlowe, windykacja i doradztwo korporacyjne\" \/>\n<meta property=\"og:url\" content=\"https:\/\/imme-law.pl\/en\/grzegorz-klodkowski\/\" \/>\n<meta property=\"og:site_name\" content=\"Imme Law Poland\" \/>\n<meta property=\"article:modified_time\" content=\"2025-08-15T12:43:16+00:00\" \/>\n<meta name=\"twitter:card\" content=\"summary_large_image\" \/>\n<meta name=\"twitter:label1\" content=\"Est. reading time\" \/>\n\t<meta name=\"twitter:data1\" content=\"2 minutes\" \/>\n<script type=\"application\/ld+json\" class=\"yoast-schema-graph\">{\"@context\":\"https:\/\/schema.org\",\"@graph\":[{\"@type\":\"WebPage\",\"@id\":\"https:\/\/imme-law.pl\/en\/grzegorz-klodkowski\/\",\"url\":\"https:\/\/imme-law.pl\/en\/grzegorz-klodkowski\/\",\"name\":\"Grzegorz K\u0142odkowski - Imme Law Poland\",\"isPartOf\":{\"@id\":\"https:\/\/imme-law.pl\/#website\"},\"datePublished\":\"2025-07-16T12:19:02+00:00\",\"dateModified\":\"2025-08-15T12:43:16+00:00\",\"description\":\"IMME oferuje porady prawne dla polskich przedsi\u0119biorc\u00f3w: zak\u0142adanie GmbH, prawo pracy, podatki, umowy handlowe, windykacja i doradztwo korporacyjne\",\"breadcrumb\":{\"@id\":\"https:\/\/imme-law.pl\/en\/grzegorz-klodkowski\/#breadcrumb\"},\"inLanguage\":\"en-US\",\"potentialAction\":[{\"@type\":\"ReadAction\",\"target\":[\"https:\/\/imme-law.pl\/en\/grzegorz-klodkowski\/\"]}]},{\"@type\":\"BreadcrumbList\",\"@id\":\"https:\/\/imme-law.pl\/en\/grzegorz-klodkowski\/#breadcrumb\",\"itemListElement\":[{\"@type\":\"ListItem\",\"position\":1,\"name\":\"Home\",\"item\":\"https:\/\/imme-law.pl\/en\/\"},{\"@type\":\"ListItem\",\"position\":2,\"name\":\"Grzegorz K\u0142odkowski\"}]},{\"@type\":\"WebSite\",\"@id\":\"https:\/\/imme-law.pl\/#website\",\"url\":\"https:\/\/imme-law.pl\/\",\"name\":\"Imme Law Poland\",\"description\":\"IMME \u2013 Mi\u0119dzynarodowe Wsparcie dla polskich firm\",\"publisher\":{\"@id\":\"https:\/\/imme-law.pl\/#organization\"},\"potentialAction\":[{\"@type\":\"SearchAction\",\"target\":{\"@type\":\"EntryPoint\",\"urlTemplate\":\"https:\/\/imme-law.pl\/?s={search_term_string}\"},\"query-input\":{\"@type\":\"PropertyValueSpecification\",\"valueRequired\":true,\"valueName\":\"search_term_string\"}}],\"inLanguage\":\"en-US\"},{\"@type\":\"Organization\",\"@id\":\"https:\/\/imme-law.pl\/#organization\",\"name\":\"Imme Law Poland\",\"url\":\"https:\/\/imme-law.pl\/\",\"logo\":{\"@type\":\"ImageObject\",\"inLanguage\":\"en-US\",\"@id\":\"https:\/\/imme-law.pl\/#\/schema\/logo\/image\/\",\"url\":\"https:\/\/imme-law.pl\/wp-content\/uploads\/IMME_pur_R_180.png\",\"contentUrl\":\"https:\/\/imme-law.pl\/wp-content\/uploads\/IMME_pur_R_180.png\",\"width\":180,\"height\":55,\"caption\":\"Imme Law Poland\"},\"image\":{\"@id\":\"https:\/\/imme-law.pl\/#\/schema\/logo\/image\/\"}}]}<\/script>\n<!-- \/ Yoast SEO plugin. -->","yoast_head_json":{"title":"Grzegorz K\u0142odkowski - Imme Law Poland","description":"IMME oferuje porady prawne dla polskich przedsi\u0119biorc\u00f3w: zak\u0142adanie GmbH, prawo pracy, podatki, umowy handlowe, windykacja i doradztwo korporacyjne","robots":{"index":"index","follow":"follow","max-snippet":"max-snippet:-1","max-image-preview":"max-image-preview:large","max-video-preview":"max-video-preview:-1"},"canonical":"https:\/\/imme-law.pl\/en\/grzegorz-klodkowski\/","og_locale":"en_US","og_type":"article","og_title":"Grzegorz K\u0142odkowski - Imme Law Poland","og_description":"IMME oferuje porady prawne dla polskich przedsi\u0119biorc\u00f3w: zak\u0142adanie GmbH, prawo pracy, podatki, umowy handlowe, windykacja i doradztwo korporacyjne","og_url":"https:\/\/imme-law.pl\/en\/grzegorz-klodkowski\/","og_site_name":"Imme Law Poland","article_modified_time":"2025-08-15T12:43:16+00:00","twitter_card":"summary_large_image","twitter_misc":{"Est. reading time":"2 minutes"},"schema":{"@context":"https:\/\/schema.org","@graph":[{"@type":"WebPage","@id":"https:\/\/imme-law.pl\/en\/grzegorz-klodkowski\/","url":"https:\/\/imme-law.pl\/en\/grzegorz-klodkowski\/","name":"Grzegorz K\u0142odkowski - Imme Law Poland","isPartOf":{"@id":"https:\/\/imme-law.pl\/#website"},"datePublished":"2025-07-16T12:19:02+00:00","dateModified":"2025-08-15T12:43:16+00:00","description":"IMME oferuje porady prawne dla polskich przedsi\u0119biorc\u00f3w: zak\u0142adanie GmbH, prawo pracy, podatki, umowy handlowe, windykacja i doradztwo korporacyjne","breadcrumb":{"@id":"https:\/\/imme-law.pl\/en\/grzegorz-klodkowski\/#breadcrumb"},"inLanguage":"en-US","potentialAction":[{"@type":"ReadAction","target":["https:\/\/imme-law.pl\/en\/grzegorz-klodkowski\/"]}]},{"@type":"BreadcrumbList","@id":"https:\/\/imme-law.pl\/en\/grzegorz-klodkowski\/#breadcrumb","itemListElement":[{"@type":"ListItem","position":1,"name":"Home","item":"https:\/\/imme-law.pl\/en\/"},{"@type":"ListItem","position":2,"name":"Grzegorz K\u0142odkowski"}]},{"@type":"WebSite","@id":"https:\/\/imme-law.pl\/#website","url":"https:\/\/imme-law.pl\/","name":"Imme Law Poland","description":"IMME \u2013 Mi\u0119dzynarodowe Wsparcie dla polskich firm","publisher":{"@id":"https:\/\/imme-law.pl\/#organization"},"potentialAction":[{"@type":"SearchAction","target":{"@type":"EntryPoint","urlTemplate":"https:\/\/imme-law.pl\/?s={search_term_string}"},"query-input":{"@type":"PropertyValueSpecification","valueRequired":true,"valueName":"search_term_string"}}],"inLanguage":"en-US"},{"@type":"Organization","@id":"https:\/\/imme-law.pl\/#organization","name":"Imme Law Poland","url":"https:\/\/imme-law.pl\/","logo":{"@type":"ImageObject","inLanguage":"en-US","@id":"https:\/\/imme-law.pl\/#\/schema\/logo\/image\/","url":"https:\/\/imme-law.pl\/wp-content\/uploads\/IMME_pur_R_180.png","contentUrl":"https:\/\/imme-law.pl\/wp-content\/uploads\/IMME_pur_R_180.png","width":180,"height":55,"caption":"Imme Law Poland"},"image":{"@id":"https:\/\/imme-law.pl\/#\/schema\/logo\/image\/"}}]}},"_links":{"self":[{"href":"https:\/\/imme-law.pl\/en\/wp-json\/wp\/v2\/pages\/2056","targetHints":{"allow":["GET"]}}],"collection":[{"href":"https:\/\/imme-law.pl\/en\/wp-json\/wp\/v2\/pages"}],"about":[{"href":"https:\/\/imme-law.pl\/en\/wp-json\/wp\/v2\/types\/page"}],"author":[{"embeddable":true,"href":"https:\/\/imme-law.pl\/en\/wp-json\/wp\/v2\/users\/1"}],"replies":[{"embeddable":true,"href":"https:\/\/imme-law.pl\/en\/wp-json\/wp\/v2\/comments?post=2056"}],"version-history":[{"count":19,"href":"https:\/\/imme-law.pl\/en\/wp-json\/wp\/v2\/pages\/2056\/revisions"}],"predecessor-version":[{"id":2336,"href":"https:\/\/imme-law.pl\/en\/wp-json\/wp\/v2\/pages\/2056\/revisions\/2336"}],"wp:attachment":[{"href":"https:\/\/imme-law.pl\/en\/wp-json\/wp\/v2\/media?parent=2056"}],"curies":[{"name":"wp","href":"https:\/\/api.w.org\/{rel}","templated":true}]}}