{"id":2041,"date":"2025-07-16T14:04:56","date_gmt":"2025-07-16T12:04:56","guid":{"rendered":"http:\/\/imme-law.pl\/blog\/?page_id=2041"},"modified":"2025-07-23T13:25:47","modified_gmt":"2025-07-23T11:25:47","slug":"data-privacy","status":"publish","type":"page","link":"https:\/\/imme-law.pl\/en\/data-privacy\/","title":{"rendered":"Data Privacy"},"content":{"rendered":"<p>[et_pb_section fb_built=&#8221;1&#8243; _builder_version=&#8221;4.24.3&#8243; _module_preset=&#8221;default&#8221; custom_padding=&#8221;||3px|||&#8221; global_colors_info=&#8221;{}&#8221; use_background_color_gradient=&#8221;on&#8221; background_color_gradient_direction=&#8221;90deg&#8221; background_color_gradient_stops=&#8221;#ffffff 75%|#e8e8e8 75%|#e8e8e8 95%|#ffffff 95%&#8221;][et_pb_row column_structure=&#8221;3_4,1_4&#8243; use_custom_gutter=&#8221;on&#8221; gutter_width=&#8221;4&#8243; _builder_version=&#8221;4.27.4&#8243; _module_preset=&#8221;9e51b28b-b384-482d-953e-bcd77c6d56e1&#8243; background_color=&#8221;RGBA(255,255,255,0)&#8221; width_tablet=&#8221;&#8221; width_phone=&#8221;&#8221; width_last_edited=&#8221;on|tablet&#8221; custom_padding=&#8221;||0px||false|false&#8221; custom_css_main_element=&#8221;display:flex;&#8221; global_colors_info=&#8221;{}&#8221;][et_pb_column type=&#8221;3_4&#8243; _builder_version=&#8221;4.24.3&#8243; _module_preset=&#8221;ad767189-8688-41bb-8a02-9fea8de20ec7&#8243; custom_padding_tablet=&#8221;|30px|||false|false&#8221; custom_padding_phone=&#8221;|30px|||false|false&#8221; custom_padding_last_edited=&#8221;on|tablet&#8221; global_colors_info=&#8221;{}&#8221; custom_css_main_element_last_edited=&#8221;on|tablet&#8221; custom_css_main_element_tablet=&#8221;width: 66%;&#8221; custom_css_main_element_phone=&#8221;width: 80%;&#8221;][et_pb_text _builder_version=&#8221;4.27.4&#8243; _module_preset=&#8221;ba8358e6-bfc1-44b4-bbbe-2f84504052b1&#8243; header_3_font_size=&#8221;15px&#8221; header_3_font_size_tablet=&#8221;15px&#8221; header_3_font_size_phone=&#8221;15px&#8221; header_3_font_size_last_edited=&#8221;on|desktop&#8221; global_colors_info=&#8221;{}&#8221;]<\/p>\n<h1 class=\"mbr-section-subtitle mbr-fonts-style mb-4 display-2\">Privacy Policy Notice<\/h1>\n<p>[\/et_pb_text][et_pb_text module_id=&#8221;practise-areas&#8221; _builder_version=&#8221;4.27.4&#8243; _module_preset=&#8221;default&#8221; text_font=&#8221;Poppins||||||||&#8221; text_text_color=&#8221;gcid-2e50fbfc-b03e-417a-b227-7b75e322d38e&#8221; text_font_size=&#8221;15px&#8221; header_3_font=&#8221;|600|||||||&#8221; header_3_text_color=&#8221;#A00303&#8243; header_3_font_size=&#8221;23px&#8221; header_3_line_height=&#8221;2.4em&#8221; custom_margin=&#8221;24px||71px|||&#8221; global_colors_info=&#8221;{%22gcid-2e50fbfc-b03e-417a-b227-7b75e322d38e%22:%91%22text_text_color%22%93}&#8221;]<\/p>\n<p><strong>\u00a7 1 Information about the collection of personal data <\/strong><\/p>\n<p>(1) Below we inform about the ascertainment of personal data when using our website. Personal data are all data that are personally available to you, eg. name, address, e-mail addresses.<\/p>\n<p>(2) In accordance with Art. 37 (4) of the EU General Data Protection Regulation (GDPR) in conjunction with \u00a7 38 (1) of the German Data Protection Act (BDSG), we are not obliged to appoint a data protection officer. You can reach the authorized employee for data protection in our office via our postal address (see our imprint).<\/p>\n<p>(3) When you contact us via e-mail, your provided information (like e-mail address and, when indicated, your name and telephone number) will be recorded by us to answer your questions. These data will be deleted so far it\u00b4s recording is no longer essential. In case of legally obliged retention periods, the data processing will be limited.<br \/>The data processing for the purpose of contacting us is in accordance on your voluntarily declared consent referred to Art. 6 para. 1 (1a) GDPR.<\/p>\n<p><strong>\u00a7 2 No dissemination of data <\/strong><\/p>\n<p>You cannot transmit your personal data directly to us via this website. We do not use a web form. In case that you send us an email via our email address published in the imprint, we proceed as described under \u00a7 1 (3). We do not refer your personal data with third parties. This requires a separate written contract of mandate with a separate written data privacy statement.<\/p>\n<p><strong>\u00a7 3 Your droits <\/strong><\/p>\n<p>(1) Regarding your personal data you can claim the following to us:<\/p>\n<p>in accordance with (IAW) Art. 15 GDPR to request information about your personal data processed by us.<\/p>\n<p>IAW Art. 16 GDPR the instantaneous revision of incorrect personal data or the integration of your personal data handled by us.<\/p>\n<p>IAW Art. 17 GDPR the deletion of your personal data stored by us.<\/p>\n<p>IAW Art. 18 GDPR the restraint of the processing of your personal data.<\/p>\n<p>IAW Art. 20 GDPR the interest of data portability.<\/p>\n<p>IAW Art. 21 GDPR the right of objection to the processing of personal data.<\/p>\n<p>(2) Furthermore you are entitled to lodge a complaint with a supervisory authority (Art. 77 GDPR).<\/p>\n<p><strong>\u00a7 4 Ascertainment of personal data when visiting our website <\/strong><\/p>\n<p>(1) Our website can only be utilized for informational purposes. In the case of the informational utilization of the website, we only collect the personal data that your browser transmits to our server. If you want to view our website, we collect the following data that are technically essential for us to display our website and to ensure its technical feasibility and safety (legal basis Art. 6 (11) sentence 1 GDPR):<\/p>\n<p>browser type and browser version<br \/>utilized operating system<br \/>Referrer URL<br \/>host name of the accessing data processor (computer)<br \/>time of application to server<br \/>IP address<br \/>A data fusion of the before mentioned data with other data shall be not undertaken.<\/p>\n<p>(2) Additionally to the aforementioned data cookies will be stored on your computer when you use our website. Cookies are small text files that are stored on your hard drive and dedicated to your utilized browser and by which the storage unit that fix the cookie (here through us) receives certain information. Cookies cannot executive routines (programs) or transmit computer virus to your data processor. Cookies conduce to render the Internet offer effective.<\/p>\n<p>(3) Application of cookies:<br \/>a) This website utilizes the following types of cookies, its scope and operating mode is explained below:<br \/>&#8211; Transient cookies (b)<br \/>&#8211; Persistent cookies (c).<br \/>b) Transient cookies will be deleted automatically when you finish the browser. This includes the session cookies. The session-cookies store a so-called session ID. The session-ID assigns different applications from your browser while the joint session. Thus your data processor will be recognized when you revert to our website. The session cookies will be deleted when you log off or finish the browser.<br \/>c) Persistent cookies will be deleted automatically after a preset period, that depends on the utilized cookie. You can delete the cookies in the safety adjustments of your browser at any time.<br \/>d) You can set up your browser adjustments according to your demands and e.g. to reject the approval of third-party cookies or cookies in general. We point out that you cannot utilize all features of this website possibly.<\/p>\n<p><strong>\u00a7 5 Timeliness and amendment of this privacy policy notice<\/strong><\/p>\n<p>This privacy policy notice is effective and as of May 2018.<br \/>Due to the further development of our website and its offers or in fact of legal or regulatory requirements the privacy policy notice can be revised. The effective privacy policy notice can be recalled and printed at any time on this website.<\/p>\n<p>[\/et_pb_text][\/et_pb_column][et_pb_column type=&#8221;1_4&#8243; _builder_version=&#8221;4.24.3&#8243; _module_preset=&#8221;ad767189-8688-41bb-8a02-9fea8de20ec7&#8243; custom_padding_tablet=&#8221;|30px|||false|false&#8221; custom_padding_phone=&#8221;|30px|||false|false&#8221; custom_padding_last_edited=&#8221;on|tablet&#8221; global_colors_info=&#8221;{}&#8221; custom_css_main_element_last_edited=&#8221;on|tablet&#8221; custom_css_main_element_tablet=&#8221;width: 66%;&#8221; custom_css_main_element_phone=&#8221;width: 80%;&#8221;][\/et_pb_column][\/et_pb_row][\/et_pb_section]<\/p>\n","protected":false},"excerpt":{"rendered":"<p>Privacy Policy Notice\u00a7 1 Information about the collection of personal data (1) Below we inform about the ascertainment of personal data when using our website. Personal data are all data that are personally available to you, eg. name, address, e-mail addresses. (2) In accordance with Art. 37 (4) of the EU General Data Protection Regulation [&hellip;]<\/p>\n","protected":false},"author":1,"featured_media":0,"parent":0,"menu_order":0,"comment_status":"closed","ping_status":"closed","template":"","meta":{"_et_pb_use_builder":"on","_et_pb_old_content":"","_et_gb_content_width":"","footnotes":""},"class_list":["post-2041","page","type-page","status-publish","hentry"],"yoast_head":"<!-- This site is optimized with the Yoast SEO plugin v26.8 - https:\/\/yoast.com\/product\/yoast-seo-wordpress\/ -->\n<title>Data Privacy - Imme Law Poland<\/title>\n<meta name=\"description\" content=\"IMME oferuje porady prawne dla polskich przedsi\u0119biorc\u00f3w: zak\u0142adanie GmbH, prawo pracy, podatki, umowy handlowe, windykacja i doradztwo korporacyjne\" \/>\n<meta name=\"robots\" content=\"index, follow, max-snippet:-1, max-image-preview:large, max-video-preview:-1\" \/>\n<link rel=\"canonical\" href=\"https:\/\/imme-law.pl\/en\/data-privacy\/\" \/>\n<meta property=\"og:locale\" content=\"en_US\" \/>\n<meta property=\"og:type\" content=\"article\" \/>\n<meta property=\"og:title\" content=\"Data Privacy - Imme Law Poland\" \/>\n<meta property=\"og:description\" content=\"IMME oferuje porady prawne dla polskich przedsi\u0119biorc\u00f3w: zak\u0142adanie GmbH, prawo pracy, podatki, umowy handlowe, windykacja i doradztwo korporacyjne\" \/>\n<meta property=\"og:url\" content=\"https:\/\/imme-law.pl\/en\/data-privacy\/\" \/>\n<meta property=\"og:site_name\" content=\"Imme Law Poland\" \/>\n<meta property=\"article:modified_time\" content=\"2025-07-23T11:25:47+00:00\" \/>\n<meta name=\"twitter:card\" content=\"summary_large_image\" \/>\n<meta name=\"twitter:label1\" content=\"Est. reading time\" \/>\n\t<meta name=\"twitter:data1\" content=\"5 minutes\" \/>\n<script type=\"application\/ld+json\" class=\"yoast-schema-graph\">{\"@context\":\"https:\/\/schema.org\",\"@graph\":[{\"@type\":\"WebPage\",\"@id\":\"https:\/\/imme-law.pl\/en\/data-privacy\/\",\"url\":\"https:\/\/imme-law.pl\/en\/data-privacy\/\",\"name\":\"Data Privacy - Imme Law Poland\",\"isPartOf\":{\"@id\":\"https:\/\/imme-law.pl\/#website\"},\"datePublished\":\"2025-07-16T12:04:56+00:00\",\"dateModified\":\"2025-07-23T11:25:47+00:00\",\"description\":\"IMME oferuje porady prawne dla polskich przedsi\u0119biorc\u00f3w: zak\u0142adanie GmbH, prawo pracy, podatki, umowy handlowe, windykacja i doradztwo korporacyjne\",\"breadcrumb\":{\"@id\":\"https:\/\/imme-law.pl\/en\/data-privacy\/#breadcrumb\"},\"inLanguage\":\"en-US\",\"potentialAction\":[{\"@type\":\"ReadAction\",\"target\":[\"https:\/\/imme-law.pl\/en\/data-privacy\/\"]}]},{\"@type\":\"BreadcrumbList\",\"@id\":\"https:\/\/imme-law.pl\/en\/data-privacy\/#breadcrumb\",\"itemListElement\":[{\"@type\":\"ListItem\",\"position\":1,\"name\":\"Home\",\"item\":\"https:\/\/imme-law.pl\/en\/\"},{\"@type\":\"ListItem\",\"position\":2,\"name\":\"Data Privacy\"}]},{\"@type\":\"WebSite\",\"@id\":\"https:\/\/imme-law.pl\/#website\",\"url\":\"https:\/\/imme-law.pl\/\",\"name\":\"Imme Law Poland\",\"description\":\"IMME \u2013 Mi\u0119dzynarodowe Wsparcie dla polskich firm\",\"publisher\":{\"@id\":\"https:\/\/imme-law.pl\/#organization\"},\"potentialAction\":[{\"@type\":\"SearchAction\",\"target\":{\"@type\":\"EntryPoint\",\"urlTemplate\":\"https:\/\/imme-law.pl\/?s={search_term_string}\"},\"query-input\":{\"@type\":\"PropertyValueSpecification\",\"valueRequired\":true,\"valueName\":\"search_term_string\"}}],\"inLanguage\":\"en-US\"},{\"@type\":\"Organization\",\"@id\":\"https:\/\/imme-law.pl\/#organization\",\"name\":\"Imme Law Poland\",\"url\":\"https:\/\/imme-law.pl\/\",\"logo\":{\"@type\":\"ImageObject\",\"inLanguage\":\"en-US\",\"@id\":\"https:\/\/imme-law.pl\/#\/schema\/logo\/image\/\",\"url\":\"https:\/\/imme-law.pl\/wp-content\/uploads\/IMME_pur_R_180.png\",\"contentUrl\":\"https:\/\/imme-law.pl\/wp-content\/uploads\/IMME_pur_R_180.png\",\"width\":180,\"height\":55,\"caption\":\"Imme Law Poland\"},\"image\":{\"@id\":\"https:\/\/imme-law.pl\/#\/schema\/logo\/image\/\"}}]}<\/script>\n<!-- \/ Yoast SEO plugin. -->","yoast_head_json":{"title":"Data Privacy - Imme Law Poland","description":"IMME oferuje porady prawne dla polskich przedsi\u0119biorc\u00f3w: zak\u0142adanie GmbH, prawo pracy, podatki, umowy handlowe, windykacja i doradztwo korporacyjne","robots":{"index":"index","follow":"follow","max-snippet":"max-snippet:-1","max-image-preview":"max-image-preview:large","max-video-preview":"max-video-preview:-1"},"canonical":"https:\/\/imme-law.pl\/en\/data-privacy\/","og_locale":"en_US","og_type":"article","og_title":"Data Privacy - Imme Law Poland","og_description":"IMME oferuje porady prawne dla polskich przedsi\u0119biorc\u00f3w: zak\u0142adanie GmbH, prawo pracy, podatki, umowy handlowe, windykacja i doradztwo korporacyjne","og_url":"https:\/\/imme-law.pl\/en\/data-privacy\/","og_site_name":"Imme Law Poland","article_modified_time":"2025-07-23T11:25:47+00:00","twitter_card":"summary_large_image","twitter_misc":{"Est. reading time":"5 minutes"},"schema":{"@context":"https:\/\/schema.org","@graph":[{"@type":"WebPage","@id":"https:\/\/imme-law.pl\/en\/data-privacy\/","url":"https:\/\/imme-law.pl\/en\/data-privacy\/","name":"Data Privacy - Imme Law Poland","isPartOf":{"@id":"https:\/\/imme-law.pl\/#website"},"datePublished":"2025-07-16T12:04:56+00:00","dateModified":"2025-07-23T11:25:47+00:00","description":"IMME oferuje porady prawne dla polskich przedsi\u0119biorc\u00f3w: zak\u0142adanie GmbH, prawo pracy, podatki, umowy handlowe, windykacja i doradztwo korporacyjne","breadcrumb":{"@id":"https:\/\/imme-law.pl\/en\/data-privacy\/#breadcrumb"},"inLanguage":"en-US","potentialAction":[{"@type":"ReadAction","target":["https:\/\/imme-law.pl\/en\/data-privacy\/"]}]},{"@type":"BreadcrumbList","@id":"https:\/\/imme-law.pl\/en\/data-privacy\/#breadcrumb","itemListElement":[{"@type":"ListItem","position":1,"name":"Home","item":"https:\/\/imme-law.pl\/en\/"},{"@type":"ListItem","position":2,"name":"Data Privacy"}]},{"@type":"WebSite","@id":"https:\/\/imme-law.pl\/#website","url":"https:\/\/imme-law.pl\/","name":"Imme Law Poland","description":"IMME \u2013 Mi\u0119dzynarodowe Wsparcie dla polskich firm","publisher":{"@id":"https:\/\/imme-law.pl\/#organization"},"potentialAction":[{"@type":"SearchAction","target":{"@type":"EntryPoint","urlTemplate":"https:\/\/imme-law.pl\/?s={search_term_string}"},"query-input":{"@type":"PropertyValueSpecification","valueRequired":true,"valueName":"search_term_string"}}],"inLanguage":"en-US"},{"@type":"Organization","@id":"https:\/\/imme-law.pl\/#organization","name":"Imme Law Poland","url":"https:\/\/imme-law.pl\/","logo":{"@type":"ImageObject","inLanguage":"en-US","@id":"https:\/\/imme-law.pl\/#\/schema\/logo\/image\/","url":"https:\/\/imme-law.pl\/wp-content\/uploads\/IMME_pur_R_180.png","contentUrl":"https:\/\/imme-law.pl\/wp-content\/uploads\/IMME_pur_R_180.png","width":180,"height":55,"caption":"Imme Law Poland"},"image":{"@id":"https:\/\/imme-law.pl\/#\/schema\/logo\/image\/"}}]}},"_links":{"self":[{"href":"https:\/\/imme-law.pl\/en\/wp-json\/wp\/v2\/pages\/2041","targetHints":{"allow":["GET"]}}],"collection":[{"href":"https:\/\/imme-law.pl\/en\/wp-json\/wp\/v2\/pages"}],"about":[{"href":"https:\/\/imme-law.pl\/en\/wp-json\/wp\/v2\/types\/page"}],"author":[{"embeddable":true,"href":"https:\/\/imme-law.pl\/en\/wp-json\/wp\/v2\/users\/1"}],"replies":[{"embeddable":true,"href":"https:\/\/imme-law.pl\/en\/wp-json\/wp\/v2\/comments?post=2041"}],"version-history":[{"count":11,"href":"https:\/\/imme-law.pl\/en\/wp-json\/wp\/v2\/pages\/2041\/revisions"}],"predecessor-version":[{"id":2319,"href":"https:\/\/imme-law.pl\/en\/wp-json\/wp\/v2\/pages\/2041\/revisions\/2319"}],"wp:attachment":[{"href":"https:\/\/imme-law.pl\/en\/wp-json\/wp\/v2\/media?parent=2041"}],"curies":[{"name":"wp","href":"https:\/\/api.w.org\/{rel}","templated":true}]}}