{"id":2035,"date":"2025-07-16T14:00:55","date_gmt":"2025-07-16T12:00:55","guid":{"rendered":"http:\/\/imme-law.pl\/blog\/?page_id=2035"},"modified":"2025-07-23T13:26:12","modified_gmt":"2025-07-23T11:26:12","slug":"imprint","status":"publish","type":"page","link":"https:\/\/imme-law.pl\/en\/imprint\/","title":{"rendered":"Imprint"},"content":{"rendered":"<p>[et_pb_section fb_built=&#8221;1&#8243; _builder_version=&#8221;4.24.3&#8243; _module_preset=&#8221;default&#8221; custom_padding=&#8221;||3px|||&#8221; global_colors_info=&#8221;{}&#8221; use_background_color_gradient=&#8221;on&#8221; background_color_gradient_direction=&#8221;90deg&#8221; background_color_gradient_stops=&#8221;#ffffff 75%|#e8e8e8 75%|#e8e8e8 95%|#ffffff 95%&#8221;][et_pb_row column_structure=&#8221;3_4,1_4&#8243; use_custom_gutter=&#8221;on&#8221; gutter_width=&#8221;4&#8243; _builder_version=&#8221;4.27.4&#8243; _module_preset=&#8221;9e51b28b-b384-482d-953e-bcd77c6d56e1&#8243; width_tablet=&#8221;&#8221; width_phone=&#8221;&#8221; width_last_edited=&#8221;on|tablet&#8221; custom_padding=&#8221;||0px||false|false&#8221; custom_css_main_element=&#8221;display:flex;&#8221; global_colors_info=&#8221;{}&#8221;][et_pb_column type=&#8221;3_4&#8243; _builder_version=&#8221;4.24.3&#8243; _module_preset=&#8221;ad767189-8688-41bb-8a02-9fea8de20ec7&#8243; custom_padding_tablet=&#8221;|30px|||false|false&#8221; custom_padding_phone=&#8221;|30px|||false|false&#8221; custom_padding_last_edited=&#8221;on|tablet&#8221; global_colors_info=&#8221;{}&#8221; custom_css_main_element_last_edited=&#8221;on|tablet&#8221; custom_css_main_element_tablet=&#8221;width: 66%;&#8221; custom_css_main_element_phone=&#8221;width: 80%;&#8221;][et_pb_text _builder_version=&#8221;4.27.4&#8243; _module_preset=&#8221;ba8358e6-bfc1-44b4-bbbe-2f84504052b1&#8243; header_3_font_size=&#8221;15px&#8221; header_3_font_size_tablet=&#8221;15px&#8221; header_3_font_size_phone=&#8221;15px&#8221; header_3_font_size_last_edited=&#8221;on|desktop&#8221; global_colors_info=&#8221;{}&#8221;]<\/p>\n<h1>Imprint<\/h1>\n<p>[\/et_pb_text][et_pb_text module_id=&#8221;practise-areas&#8221; _builder_version=&#8221;4.27.4&#8243; _module_preset=&#8221;ba8358e6-bfc1-44b4-bbbe-2f84504052b1&#8243; header_3_font=&#8221;|600|||||||&#8221; header_3_font_size=&#8221;23px&#8221; custom_margin=&#8221;24px||71px|||&#8221; global_colors_info=&#8221;{}&#8221;]<\/p>\n<p>Sigrid Imme<br \/><em>Rechtsanw\u00e4ltin<\/em> | Attorney at Law<br \/>Altst\u00e4dtischer Markt 7<br \/>14770 Brandenburg an der Havel<br \/>Germany<\/p>\n<p>Tel. + 49 3381 226064<br \/>Fax + 49 3381 201404<br \/><a href=\"mailto:imb@imme.law\">imb@imme.law<\/a><\/p>\n<p>VAT ID: DE 171 540 355<\/p>\n<p>Member of\u00a0<em>Rechtsanwaltskammer des Landes Brandenburg<\/em> (Bar Association, Federal State of Brandenburg), Grillendamm 2, 14776 Brandenburg an der Havel, Germany<\/p>\n<p>Registered admission at the bar <em>Landgericht Potsdam<\/em> (District Court Potsdam) and <em>Brandenburgisches Oberlandesgericht<\/em> (Higher Regional Court, Federal State of Brandenburg).<\/p>\n<p><em>Berufsrecht <\/em>| Professional Law<br \/>Federal Lawyers &#8216;Act <em>Bundesrechtsanwaltsordnung<\/em> (BRAO), Professional Code for Lawyers <em>Berufsordnung f\u00fcr Rechtsanw\u00e4lte<\/em> (BORA), Lawyers&#8217; Remuneration Act <em>Rechtsanwaltsverg\u00fctungsgesetz <\/em>(RVG), Professional Rules for Lawyers in the European Community (CCBE)<br \/><em>Weitere Informationen<\/em> | Further Details: Federal Bar Association <em>Bundesrechtsanwaltskammer <\/em>www.brak.de<\/p>\n<p><strong>Copyright Notice<\/strong><br \/>Content on this website is copyrighted by IMME Law Offices. Individual pages may be downloaded, temporarily saved or printed for the exclusive use within your company.<\/p>\n<p>Photo credit: Sigrid Imme<\/p>\n<p>[\/et_pb_text][\/et_pb_column][et_pb_column type=&#8221;1_4&#8243; _builder_version=&#8221;4.27.4&#8243; _module_preset=&#8221;ad767189-8688-41bb-8a02-9fea8de20ec7&#8243; custom_padding=&#8221;||60px||false|false&#8221; custom_css_main_element=&#8221;width: 33%;&#8221; global_colors_info=&#8221;{}&#8221; custom_css_main_element_last_edited=&#8221;on|phone&#8221; custom_css_main_element_phone=&#8221;width: 20%;&#8221; custom_css_main_element_tablet=&#8221;width: 33%;&#8221;][\/et_pb_column][\/et_pb_row][\/et_pb_section]<\/p>\n","protected":false},"excerpt":{"rendered":"<p>ImprintSigrid ImmeRechtsanw\u00e4ltin | Attorney at LawAltst\u00e4dtischer Markt 714770 Brandenburg an der HavelGermany Tel. + 49 3381 226064Fax + 49 3381 201404imb@imme.law VAT ID: DE 171 540 355 Member of\u00a0Rechtsanwaltskammer des Landes Brandenburg (Bar Association, Federal State of Brandenburg), Grillendamm 2, 14776 Brandenburg an der Havel, Germany Registered admission at the bar Landgericht Potsdam (District Court [&hellip;]<\/p>\n","protected":false},"author":1,"featured_media":0,"parent":0,"menu_order":0,"comment_status":"closed","ping_status":"closed","template":"","meta":{"_et_pb_use_builder":"on","_et_pb_old_content":"","_et_gb_content_width":"","footnotes":""},"class_list":["post-2035","page","type-page","status-publish","hentry"],"yoast_head":"<!-- This site is optimized with the Yoast SEO plugin v26.8 - https:\/\/yoast.com\/product\/yoast-seo-wordpress\/ -->\n<title>Imprint - Imme Law Poland<\/title>\n<meta name=\"description\" content=\"IMME oferuje porady prawne dla polskich przedsi\u0119biorc\u00f3w: zak\u0142adanie GmbH, prawo pracy, podatki, umowy handlowe, windykacja i doradztwo korporacyjne\" \/>\n<meta name=\"robots\" content=\"index, follow, max-snippet:-1, max-image-preview:large, max-video-preview:-1\" \/>\n<link rel=\"canonical\" href=\"https:\/\/imme-law.pl\/en\/imprint\/\" \/>\n<meta property=\"og:locale\" content=\"en_US\" \/>\n<meta property=\"og:type\" content=\"article\" \/>\n<meta property=\"og:title\" content=\"Imprint - Imme Law Poland\" \/>\n<meta property=\"og:description\" content=\"IMME oferuje porady prawne dla polskich przedsi\u0119biorc\u00f3w: zak\u0142adanie GmbH, prawo pracy, podatki, umowy handlowe, windykacja i doradztwo korporacyjne\" \/>\n<meta property=\"og:url\" content=\"https:\/\/imme-law.pl\/en\/imprint\/\" \/>\n<meta property=\"og:site_name\" content=\"Imme Law Poland\" \/>\n<meta property=\"article:modified_time\" content=\"2025-07-23T11:26:12+00:00\" \/>\n<meta name=\"twitter:card\" content=\"summary_large_image\" \/>\n<meta name=\"twitter:label1\" content=\"Est. reading time\" \/>\n\t<meta name=\"twitter:data1\" content=\"2 minutes\" \/>\n<script type=\"application\/ld+json\" class=\"yoast-schema-graph\">{\"@context\":\"https:\/\/schema.org\",\"@graph\":[{\"@type\":\"WebPage\",\"@id\":\"https:\/\/imme-law.pl\/en\/imprint\/\",\"url\":\"https:\/\/imme-law.pl\/en\/imprint\/\",\"name\":\"Imprint - Imme Law Poland\",\"isPartOf\":{\"@id\":\"https:\/\/imme-law.pl\/#website\"},\"datePublished\":\"2025-07-16T12:00:55+00:00\",\"dateModified\":\"2025-07-23T11:26:12+00:00\",\"description\":\"IMME oferuje porady prawne dla polskich przedsi\u0119biorc\u00f3w: zak\u0142adanie GmbH, prawo pracy, podatki, umowy handlowe, windykacja i doradztwo korporacyjne\",\"breadcrumb\":{\"@id\":\"https:\/\/imme-law.pl\/en\/imprint\/#breadcrumb\"},\"inLanguage\":\"en-US\",\"potentialAction\":[{\"@type\":\"ReadAction\",\"target\":[\"https:\/\/imme-law.pl\/en\/imprint\/\"]}]},{\"@type\":\"BreadcrumbList\",\"@id\":\"https:\/\/imme-law.pl\/en\/imprint\/#breadcrumb\",\"itemListElement\":[{\"@type\":\"ListItem\",\"position\":1,\"name\":\"Home\",\"item\":\"https:\/\/imme-law.pl\/en\/\"},{\"@type\":\"ListItem\",\"position\":2,\"name\":\"Imprint\"}]},{\"@type\":\"WebSite\",\"@id\":\"https:\/\/imme-law.pl\/#website\",\"url\":\"https:\/\/imme-law.pl\/\",\"name\":\"Imme Law Poland\",\"description\":\"IMME \u2013 Mi\u0119dzynarodowe Wsparcie dla polskich firm\",\"publisher\":{\"@id\":\"https:\/\/imme-law.pl\/#organization\"},\"potentialAction\":[{\"@type\":\"SearchAction\",\"target\":{\"@type\":\"EntryPoint\",\"urlTemplate\":\"https:\/\/imme-law.pl\/?s={search_term_string}\"},\"query-input\":{\"@type\":\"PropertyValueSpecification\",\"valueRequired\":true,\"valueName\":\"search_term_string\"}}],\"inLanguage\":\"en-US\"},{\"@type\":\"Organization\",\"@id\":\"https:\/\/imme-law.pl\/#organization\",\"name\":\"Imme Law Poland\",\"url\":\"https:\/\/imme-law.pl\/\",\"logo\":{\"@type\":\"ImageObject\",\"inLanguage\":\"en-US\",\"@id\":\"https:\/\/imme-law.pl\/#\/schema\/logo\/image\/\",\"url\":\"https:\/\/imme-law.pl\/wp-content\/uploads\/IMME_pur_R_180.png\",\"contentUrl\":\"https:\/\/imme-law.pl\/wp-content\/uploads\/IMME_pur_R_180.png\",\"width\":180,\"height\":55,\"caption\":\"Imme Law Poland\"},\"image\":{\"@id\":\"https:\/\/imme-law.pl\/#\/schema\/logo\/image\/\"}}]}<\/script>\n<!-- \/ Yoast SEO plugin. -->","yoast_head_json":{"title":"Imprint - Imme Law Poland","description":"IMME oferuje porady prawne dla polskich przedsi\u0119biorc\u00f3w: zak\u0142adanie GmbH, prawo pracy, podatki, umowy handlowe, windykacja i doradztwo korporacyjne","robots":{"index":"index","follow":"follow","max-snippet":"max-snippet:-1","max-image-preview":"max-image-preview:large","max-video-preview":"max-video-preview:-1"},"canonical":"https:\/\/imme-law.pl\/en\/imprint\/","og_locale":"en_US","og_type":"article","og_title":"Imprint - Imme Law Poland","og_description":"IMME oferuje porady prawne dla polskich przedsi\u0119biorc\u00f3w: zak\u0142adanie GmbH, prawo pracy, podatki, umowy handlowe, windykacja i doradztwo korporacyjne","og_url":"https:\/\/imme-law.pl\/en\/imprint\/","og_site_name":"Imme Law Poland","article_modified_time":"2025-07-23T11:26:12+00:00","twitter_card":"summary_large_image","twitter_misc":{"Est. reading time":"2 minutes"},"schema":{"@context":"https:\/\/schema.org","@graph":[{"@type":"WebPage","@id":"https:\/\/imme-law.pl\/en\/imprint\/","url":"https:\/\/imme-law.pl\/en\/imprint\/","name":"Imprint - Imme Law Poland","isPartOf":{"@id":"https:\/\/imme-law.pl\/#website"},"datePublished":"2025-07-16T12:00:55+00:00","dateModified":"2025-07-23T11:26:12+00:00","description":"IMME oferuje porady prawne dla polskich przedsi\u0119biorc\u00f3w: zak\u0142adanie GmbH, prawo pracy, podatki, umowy handlowe, windykacja i doradztwo korporacyjne","breadcrumb":{"@id":"https:\/\/imme-law.pl\/en\/imprint\/#breadcrumb"},"inLanguage":"en-US","potentialAction":[{"@type":"ReadAction","target":["https:\/\/imme-law.pl\/en\/imprint\/"]}]},{"@type":"BreadcrumbList","@id":"https:\/\/imme-law.pl\/en\/imprint\/#breadcrumb","itemListElement":[{"@type":"ListItem","position":1,"name":"Home","item":"https:\/\/imme-law.pl\/en\/"},{"@type":"ListItem","position":2,"name":"Imprint"}]},{"@type":"WebSite","@id":"https:\/\/imme-law.pl\/#website","url":"https:\/\/imme-law.pl\/","name":"Imme Law Poland","description":"IMME \u2013 Mi\u0119dzynarodowe Wsparcie dla polskich firm","publisher":{"@id":"https:\/\/imme-law.pl\/#organization"},"potentialAction":[{"@type":"SearchAction","target":{"@type":"EntryPoint","urlTemplate":"https:\/\/imme-law.pl\/?s={search_term_string}"},"query-input":{"@type":"PropertyValueSpecification","valueRequired":true,"valueName":"search_term_string"}}],"inLanguage":"en-US"},{"@type":"Organization","@id":"https:\/\/imme-law.pl\/#organization","name":"Imme Law Poland","url":"https:\/\/imme-law.pl\/","logo":{"@type":"ImageObject","inLanguage":"en-US","@id":"https:\/\/imme-law.pl\/#\/schema\/logo\/image\/","url":"https:\/\/imme-law.pl\/wp-content\/uploads\/IMME_pur_R_180.png","contentUrl":"https:\/\/imme-law.pl\/wp-content\/uploads\/IMME_pur_R_180.png","width":180,"height":55,"caption":"Imme Law Poland"},"image":{"@id":"https:\/\/imme-law.pl\/#\/schema\/logo\/image\/"}}]}},"_links":{"self":[{"href":"https:\/\/imme-law.pl\/en\/wp-json\/wp\/v2\/pages\/2035","targetHints":{"allow":["GET"]}}],"collection":[{"href":"https:\/\/imme-law.pl\/en\/wp-json\/wp\/v2\/pages"}],"about":[{"href":"https:\/\/imme-law.pl\/en\/wp-json\/wp\/v2\/types\/page"}],"author":[{"embeddable":true,"href":"https:\/\/imme-law.pl\/en\/wp-json\/wp\/v2\/users\/1"}],"replies":[{"embeddable":true,"href":"https:\/\/imme-law.pl\/en\/wp-json\/wp\/v2\/comments?post=2035"}],"version-history":[{"count":15,"href":"https:\/\/imme-law.pl\/en\/wp-json\/wp\/v2\/pages\/2035\/revisions"}],"predecessor-version":[{"id":2323,"href":"https:\/\/imme-law.pl\/en\/wp-json\/wp\/v2\/pages\/2035\/revisions\/2323"}],"wp:attachment":[{"href":"https:\/\/imme-law.pl\/en\/wp-json\/wp\/v2\/media?parent=2035"}],"curies":[{"name":"wp","href":"https:\/\/api.w.org\/{rel}","templated":true}]}}